{"id":60,"date":"2024-09-14T03:48:08","date_gmt":"2024-09-14T03:48:08","guid":{"rendered":"https:\/\/demo.sistemasnovaweb.cl\/apple\/?page_id=60"},"modified":"2024-09-16T19:28:30","modified_gmt":"2024-09-16T19:28:30","slug":"ofertas","status":"publish","type":"page","link":"https:\/\/demo.sistemasnovaweb.cl\/apple\/ofertas\/","title":{"rendered":"Ofertas"},"content":{"rendered":"<div class=\"wpb-content-wrapper\"><p>[vc_row][vc_column]\n\t\t<div id=\"wd-66e51475aa8ff\" class=\"title-wrapper wd-wpb wd-set-mb reset-last-child  wd-rs-66e51475aa8ff wd-title-color-default wd-title-style-default text-center  wd-width-enabled wd-underline-colored\" style=\"--wd-max-width: 70%;\">\n\t\t\t\n\t\t\t<div class=\"liner-continer\">\n\t\t\t\t<h4 class=\"woodmart-title-container title  wd-font-weight- wd-fontsize-xxxl\" >Ofertas en tecnolog\u00eda<\/h4>\n\t\t\t\t\t\t\t<\/div>\n\t\t\t\n\t\t\t\t\t\t\t<div class=\"title-after_title reset-last-child  wd-fontsize-s\">______ es tu conexi\u00f3n con lo \u00faltimo en tecnolog\u00eda, incluidos Macbooks, iPhones, Androids, iPads, AirPods y otros auriculares, relojes inteligentes, tecnolog\u00eda dom\u00e9stica, accesorios tecnol\u00f3gicos y mucho m\u00e1s. Disfruta de la tranquilidad de saber que todos los dispositivos _______ est\u00e1n respaldados por nuestra garant\u00eda de rendimiento de 12 meses. Adem\u00e1s, el env\u00edo es r\u00e1pido y gratuito en todos los pedidos.<\/div>\n\t\t\t\n\t\t\t\n\t\t<\/div>\n\t\t\n\t\t\t\t\t<div class=\"wd-products-element wd-rs-66e886cbaf42a wd-wpb\">\n\t\t\t\n\t\t\n\t\t\t\t\t<div class=\"products wd-products  grid-columns-4 elements-grid wd-grid-g wd-loop-builder-off wd-stretch-cont-lg wd-products-with-bg\" data-paged=\"1\" data-atts=\"{&quot;post_type&quot;:&quot;sale&quot;,&quot;product_hover&quot;:&quot;fw-button&quot;,&quot;sale_countdown&quot;:&quot;0&quot;,&quot;stretch_product_desktop&quot;:&quot;1&quot;,&quot;stretch_product_tablet&quot;:&quot;0&quot;,&quot;stretch_product_mobile&quot;:&quot;0&quot;,&quot;stock_progress_bar&quot;:&quot;0&quot;,&quot;highlighted_products&quot;:&quot;0&quot;,&quot;products_bordered_grid&quot;:&quot;0&quot;,&quot;products_with_background&quot;:&quot;1&quot;,&quot;products_shadow&quot;:&quot;0&quot;,&quot;woodmart_css_id&quot;:&quot;66e886cbaf42a&quot;,&quot;force_not_ajax&quot;:&quot;no&quot;}\" data-source=\"shortcode\" data-columns=\"4\" style=\"--wd-col-lg:4;--wd-col-md:4;--wd-col-sm:2;--wd-gap-lg:20px;--wd-gap-sm:10px;\">\n\t\t\t<div class=\"wd-product wd-col wd-hover-fw-button wd-hover-with-fade product-grid-item product type-product post-110 status-publish instock product_cat-macbook has-post-thumbnail sale sold-individually shipping-taxable purchasable product-type-simple\" data-loop=\"1\" data-id=\"110\">\n\t\n<div class=\"wd-product-wrapper product-wrapper\">\n\t<div class=\"wd-product-card-bg content-product-imagin\"><\/div>\n\t<div class=\"wd-product-thumb product-element-top wd-quick-shop\">\n\t\t<a href=\"https:\/\/demo.sistemasnovaweb.cl\/apple\/producto\/apple-macbook-pro-core-i7-2-2-ghz-16gb-ram-15-mid-2018-256gb-ssd-space-gray\/\" class=\"wd-product-img-link product-image-link\" tabindex=\"-1\" aria-label=\"Apple MacBook Pro Core i7 2.2 GHZ 16GB RAM 15\u201d (Mid 2018) 256GB SSD (Space Gray)\">\n\t\t\t\t\t\t<div class=\"product-labels labels-rounded-sm\">\n\t\t\t\t<span class=\"onsale product-label wd-shape-round-sm\">-15%<\/span>\t\t\t<\/div>\n\t\t\t<img loading=\"lazy\" decoding=\"async\" width=\"1000\" height=\"1001\" src=\"https:\/\/demo.sistemasnovaweb.cl\/apple\/wp-content\/uploads\/2024\/09\/macbookpro.svg\" class=\"attachment-woocommerce_thumbnail size-woocommerce_thumbnail\" alt=\"\" \/>\t\t<\/a>\n\n\t\t\t\t\t<div class=\"wd-product-img-hover hover-img\">\n\t\t\t\t<img loading=\"lazy\" decoding=\"async\" width=\"1000\" height=\"1001\" src=\"https:\/\/demo.sistemasnovaweb.cl\/apple\/wp-content\/uploads\/2024\/09\/macbookpro-1.svg\" class=\"attachment-woocommerce_thumbnail size-woocommerce_thumbnail\" alt=\"\" \/>\t\t\t<\/div>\n\t\t\t\n\t\t<div class=\"wd-buttons wd-pos-r-t\">\n\t\t\t\t\t\t\t\t\t\t\t<div class=\"wd-quick-view-btn wd-quick-view-icon wd-action-btn wd-style-icon\">\n\t\t\t<a\n\t\t\t\thref=\"https:\/\/demo.sistemasnovaweb.cl\/apple\/producto\/apple-macbook-pro-core-i7-2-2-ghz-16gb-ram-15-mid-2018-256gb-ssd-space-gray\/\"\n\t\t\t\tclass=\"open-quick-view\"\n\t\t\t\trel=\"nofollow\"\n\t\t\t\tdata-id=\"110\"\n\t\t\t\t>\n\t\t\t\t\t<span class=\"wd-action-icon\"><\/span>\n\t\t\t\t\t<span class=\"wd-action-text\">\n\t\t\t\t\t\tVista r\u00e1pida\t\t\t\t\t<\/span>\n\t\t\t<\/a>\n\t\t<\/div>\n\t\t\t\t\t\t\t<\/div>\n\t<\/div>\n\n\t<div class=\"product-element-bottom\">\n\n\t\t<h3 class=\"wd-entities-title\"><a href=\"https:\/\/demo.sistemasnovaweb.cl\/apple\/producto\/apple-macbook-pro-core-i7-2-2-ghz-16gb-ram-15-mid-2018-256gb-ssd-space-gray\/\">Apple MacBook Pro Core i7 2.2 GHZ 16GB RAM 15\u201d (Mid 2018) 256GB SSD (Space Gray)<\/a><\/h3>\n\t\t\t\t\n\t\t\n\t\t<div class=\"wrap-price\">\n\t\t\t\n\t<span class=\"price\"><del aria-hidden=\"true\"><span class=\"woocommerce-Price-amount amount\"><bdi><span class=\"woocommerce-Price-currencySymbol\">&#36;<\/span>1.000.000<\/bdi><\/span><\/del> <span class=\"screen-reader-text\">El precio original era: &#036;1.000.000.<\/span><ins aria-hidden=\"true\"><span class=\"woocommerce-Price-amount amount\"><bdi><span class=\"woocommerce-Price-currencySymbol\">&#36;<\/span>850.000<\/bdi><\/span><\/ins><span class=\"screen-reader-text\">El precio actual es: &#036;850.000.<\/span><\/span>\n\n\t\t\t\t\t<\/div>\n\n\t\t<div class=\"wd-add-btn wd-add-btn-replace\">\n\t\t\t\n\t\t\t<a href=\"\/apple\/wp-json\/wp\/v2\/pages\/60?add-to-cart=110\" aria-describedby=\"woocommerce_loop_add_to_cart_link_describedby_110\" data-quantity=\"1\" class=\"button product_type_simple add_to_cart_button ajax_add_to_cart add-to-cart-loop\" data-product_id=\"110\" data-product_sku=\"001010BLNAS4\" aria-label=\"A\u00f1adir al carrito: &ldquo;Apple MacBook Pro Core i7 2.2 GHZ 16GB RAM 15\u201d (Mid 2018) 256GB SSD (Space Gray)&rdquo;\" rel=\"nofollow\" data-success_message=\"\u00abApple MacBook Pro Core i7 2.2 GHZ 16GB RAM 15\u201d (Mid 2018) 256GB SSD (Space Gray)\u00bb se ha a\u00f1adido a tu carrito\" role=\"button\"><span class=\"wd-action-icon\"><span class=\"wd-check-icon\"><\/span><\/span><span class=\"wd-action-text\">A\u00f1adir al carrito<\/span><\/a>\t<span id=\"woocommerce_loop_add_to_cart_link_describedby_110\" class=\"screen-reader-text\">\n\t\t\t<\/span>\n\t\t<\/div>\n\n\t\t\n\t\t\t\t<div class=\"wd-product-detail wd-product-sku\">\n\t\t\t<span class=\"wd-label\">\n\t\t\t\tSKU:\t\t\t<\/span>\n\t\t\t<span class=\"wd-sku\">\n\t\t\t\t001010BLNAS4\t\t\t<\/span>\n\t\t<\/div>\n\t\t\t\t<div class=\"wd-product-card-hover fade-in-block wd-scroll\">\n\t\t\t\t\t\t\n\t\t\t\t\t<\/div>\n\t<\/div>\n<\/div>\n<\/div>\n\t\t\t<\/div>\n\t\t\t<\/div>[\/vc_column][\/vc_row]<\/p>\n<\/div>","protected":false},"excerpt":{"rendered":"<p>[vc_row][vc_column][\/vc_column][\/vc_row]<\/p>\n","protected":false},"author":1,"featured_media":0,"parent":0,"menu_order":0,"comment_status":"closed","ping_status":"closed","template":"","meta":{"footnotes":""},"class_list":["post-60","page","type-page","status-publish","hentry"],"_links":{"self":[{"href":"https:\/\/demo.sistemasnovaweb.cl\/apple\/wp-json\/wp\/v2\/pages\/60","targetHints":{"allow":["GET"]}}],"collection":[{"href":"https:\/\/demo.sistemasnovaweb.cl\/apple\/wp-json\/wp\/v2\/pages"}],"about":[{"href":"https:\/\/demo.sistemasnovaweb.cl\/apple\/wp-json\/wp\/v2\/types\/page"}],"author":[{"embeddable":true,"href":"https:\/\/demo.sistemasnovaweb.cl\/apple\/wp-json\/wp\/v2\/users\/1"}],"replies":[{"embeddable":true,"href":"https:\/\/demo.sistemasnovaweb.cl\/apple\/wp-json\/wp\/v2\/comments?post=60"}],"version-history":[{"count":7,"href":"https:\/\/demo.sistemasnovaweb.cl\/apple\/wp-json\/wp\/v2\/pages\/60\/revisions"}],"predecessor-version":[{"id":150,"href":"https:\/\/demo.sistemasnovaweb.cl\/apple\/wp-json\/wp\/v2\/pages\/60\/revisions\/150"}],"wp:attachment":[{"href":"https:\/\/demo.sistemasnovaweb.cl\/apple\/wp-json\/wp\/v2\/media?parent=60"}],"curies":[{"name":"wp","href":"https:\/\/api.w.org\/{rel}","templated":true}]}}