{"id":92,"date":"2025-04-13T23:50:48","date_gmt":"2025-04-13T23:50:48","guid":{"rendered":"https:\/\/demo.sistemasnovaweb.cl\/botilleria\/?post_type=product&#038;p=92"},"modified":"2025-04-13T23:50:48","modified_gmt":"2025-04-13T23:50:48","slug":"agua-mineral-puyehue-con-gas-1-5-litros","status":"publish","type":"product","link":"https:\/\/demo.sistemasnovaweb.cl\/botilleria\/producto\/agua-mineral-puyehue-con-gas-1-5-litros\/","title":{"rendered":"Agua Mineral Puyehue con gas 1.5 litros"},"content":{"rendered":"<h5>\u00a1Vive una experiencia de sabor \u00fanica con el Agua Mineral con Gas Puyehue de Liquidos.cl! Esta agua mineral es filtrada naturalmente por tierra volc\u00e1nica y tiene una refrescante y ligera carbonataci\u00f3n, con una perfecta relaci\u00f3n precio-calidad. \u00a1Compra ahora en botellas de 1.5 litros para tu hogar u ocasiones especiales!<\/h5>\n","protected":false},"excerpt":{"rendered":"<p>\u00a1Vive una experiencia de sabor \u00fanica con el Agua Mineral con Gas Puyehue de Liquidos.cl! Esta agua mineral es filtrada<\/p>\n","protected":false},"featured_media":93,"template":"","meta":[],"product_brand":[],"product_cat":[27],"product_tag":[],"class_list":{"0":"post-92","1":"product","2":"type-product","3":"status-publish","4":"has-post-thumbnail","6":"product_cat-aguas","8":"first","9":"instock","10":"shipping-taxable","11":"purchasable","12":"product-type-simple"},"_links":{"self":[{"href":"https:\/\/demo.sistemasnovaweb.cl\/botilleria\/wp-json\/wp\/v2\/product\/92","targetHints":{"allow":["GET"]}}],"collection":[{"href":"https:\/\/demo.sistemasnovaweb.cl\/botilleria\/wp-json\/wp\/v2\/product"}],"about":[{"href":"https:\/\/demo.sistemasnovaweb.cl\/botilleria\/wp-json\/wp\/v2\/types\/product"}],"wp:featuredmedia":[{"embeddable":true,"href":"https:\/\/demo.sistemasnovaweb.cl\/botilleria\/wp-json\/wp\/v2\/media\/93"}],"wp:attachment":[{"href":"https:\/\/demo.sistemasnovaweb.cl\/botilleria\/wp-json\/wp\/v2\/media?parent=92"}],"wp:term":[{"taxonomy":"product_brand","embeddable":true,"href":"https:\/\/demo.sistemasnovaweb.cl\/botilleria\/wp-json\/wp\/v2\/product_brand?post=92"},{"taxonomy":"product_cat","embeddable":true,"href":"https:\/\/demo.sistemasnovaweb.cl\/botilleria\/wp-json\/wp\/v2\/product_cat?post=92"},{"taxonomy":"product_tag","embeddable":true,"href":"https:\/\/demo.sistemasnovaweb.cl\/botilleria\/wp-json\/wp\/v2\/product_tag?post=92"}],"curies":[{"name":"wp","href":"https:\/\/api.w.org\/{rel}","templated":true}]}}